{"id":7723,"date":"2024-11-30T22:31:28","date_gmt":"2024-11-30T19:31:28","guid":{"rendered":"https:\/\/webtasarimreklam.com\/?page_id=7723"},"modified":"2024-11-30T22:37:22","modified_gmt":"2024-11-30T19:37:22","slug":"maintenance-page","status":"publish","type":"page","link":"https:\/\/webtasarimreklam.com\/","title":{"rendered":"Y\u00f6nlendirme Sayfas\u0131"},"content":{"rendered":"\n<div id=\"wp-block-themeisle-blocks-advanced-columns-bf315cc5\" class=\"wp-block-themeisle-blocks-advanced-columns alignfull has-1-columns has-desktop-equal-layout has-tablet-equal-layout has-mobile-equal-layout has-vertical-center has-dark-bg\"><div class=\"wp-block-themeisle-blocks-advanced-columns-overlay\"><\/div><div class=\"innerblocks-wrap\">\n<div id=\"wp-block-themeisle-blocks-advanced-column-7b61437b\" class=\"wp-block-themeisle-blocks-advanced-column\"><div class=\"wp-block-image\">\n<figure class=\"aligncenter size-large is-resized\"><a href=\"https:\/\/www.wtr.com.tr\"><img fetchpriority=\"high\" decoding=\"async\" width=\"1024\" height=\"221\" src=\"https:\/\/webtasarimreklam.com\/wp-content\/uploads\/2020\/09\/WTR-Logo-1390-Golgeli-1024x221.png\" alt=\"\" class=\"wp-image-6303\" style=\"width:241px;height:auto\" srcset=\"https:\/\/webtasarimreklam.com\/wp-content\/uploads\/2020\/09\/WTR-Logo-1390-Golgeli-1024x221.png 1024w, https:\/\/webtasarimreklam.com\/wp-content\/uploads\/2020\/09\/WTR-Logo-1390-Golgeli-300x65.png 300w, https:\/\/webtasarimreklam.com\/wp-content\/uploads\/2020\/09\/WTR-Logo-1390-Golgeli-768x166.png 768w, https:\/\/webtasarimreklam.com\/wp-content\/uploads\/2020\/09\/WTR-Logo-1390-Golgeli-720x155.png 720w, https:\/\/webtasarimreklam.com\/wp-content\/uploads\/2020\/09\/WTR-Logo-1390-Golgeli.png 1390w\" sizes=\"(max-width: 1024px) 100vw, 1024px\" \/><\/a><\/figure><\/div>\n\n\n<div class=\"wp-block-group has-white-color has-text-color\"><div class=\"wp-block-group__inner-container is-layout-flow wp-block-group-is-layout-flow\">\n<h1 id=\"wp-block-themeisle-blocks-advanced-heading-81277ea5\" class=\"wp-block-themeisle-blocks-advanced-heading wp-block-themeisle-blocks-advanced-heading-81277ea5\">YEN\u0130 WEB S\u0130TEM\u0130ZE Y\u00d6NLEND\u0130R\u0130L\u0130YORSUNUZ<\/h1>\n\n\n\n<div style=\"height:40px\" aria-hidden=\"true\" class=\"wp-block-spacer\"><\/div>\n\n\n\n<p id=\"wp-block-themeisle-blocks-advanced-heading-a458b450\" class=\"wp-block-themeisle-blocks-advanced-heading wp-block-themeisle-blocks-advanced-heading-a458b450\">Otomatik Y\u00f6nlendirme \u00c7al\u0131\u015fmad\u0131ysa L\u00fctfen Buraya <strong><a href=\"https:\/\/www.wtr.com.tr\" data-type=\"link\" data-id=\"https:\/\/www.wtr.com.tr\">TIKLAYIN<\/a><\/strong><\/p>\n<\/div><\/div>\n<\/div>\n<\/div><\/div>\n\n\n\n<p><\/p>\n","protected":false},"excerpt":{"rendered":"","protected":false},"author":1,"featured_media":0,"parent":0,"menu_order":0,"comment_status":"closed","ping_status":"closed","template":"templates\/wpmm-page-template.php","meta":{"_themeisle_gutenberg_block_has_review":false,"_joinchat":[],"footnotes":""},"class_list":["post-7723","page","type-page","status-publish","hentry"],"_links":{"self":[{"href":"https:\/\/webtasarimreklam.com\/index.php?rest_route=\/wp\/v2\/pages\/7723","targetHints":{"allow":["GET"]}}],"collection":[{"href":"https:\/\/webtasarimreklam.com\/index.php?rest_route=\/wp\/v2\/pages"}],"about":[{"href":"https:\/\/webtasarimreklam.com\/index.php?rest_route=\/wp\/v2\/types\/page"}],"author":[{"embeddable":true,"href":"https:\/\/webtasarimreklam.com\/index.php?rest_route=\/wp\/v2\/users\/1"}],"replies":[{"embeddable":true,"href":"https:\/\/webtasarimreklam.com\/index.php?rest_route=%2Fwp%2Fv2%2Fcomments&post=7723"}],"version-history":[{"count":3,"href":"https:\/\/webtasarimreklam.com\/index.php?rest_route=\/wp\/v2\/pages\/7723\/revisions"}],"predecessor-version":[{"id":7728,"href":"https:\/\/webtasarimreklam.com\/index.php?rest_route=\/wp\/v2\/pages\/7723\/revisions\/7728"}],"wp:attachment":[{"href":"https:\/\/webtasarimreklam.com\/index.php?rest_route=%2Fwp%2Fv2%2Fmedia&parent=7723"}],"curies":[{"name":"wp","href":"https:\/\/api.w.org\/{rel}","templated":true}]}}